{"id":6,"date":"2026-02-10T19:47:26","date_gmt":"2026-02-10T19:47:26","guid":{"rendered":"https:\/\/nameaste.fr\/?page_id=6"},"modified":"2026-03-18T16:28:55","modified_gmt":"2026-03-18T16:28:55","slug":"name-aste","status":"publish","type":"page","link":"https:\/\/nameaste.fr\/index.php\/name-aste\/","title":{"rendered":"\u00c0 propos de N\u2019\u00c2me Aste\u2728"},"content":{"rendered":"\n<p>C\u2019est l\u00e0 o\u00f9 tout commence\u2026\u2728<\/p>\n\n\n\n<p>Je suis Anne-Charlotte, fondatrice de <strong>N\u2019\u00c2me<\/strong> <strong>Aste<\/strong>.<\/p>\n\n\n\n<p>J\u2019ai cr\u00e9\u00e9 cet univers comme un espace de soin, de douceur et d\u2019alignement, d\u00e9di\u00e9 \u00e0 toutes les personnes qui ressentent le besoin de se reconnecter \u00e0 elles-m\u00eames.<\/p>\n\n\n\n<p>Mon approche est intuitive, bienveillante et profond\u00e9ment tourn\u00e9e vers l\u2019\u00e9coute du corps, du c\u0153ur et de l\u2019\u00e2me. <\/p>\n\n\n\n<p>\u00c0 travers mes accompagnements, j\u2019offre un temps pour ralentir, lib\u00e9rer les tensions, retrouver de la clart\u00e9 et accueillir une transformation int\u00e9rieure en douceur. <\/p>\n\n\n\n<p><strong>Ma vision<\/strong> : <\/p>\n\n\n\n<p>Je crois que chaque personne porte en elle ses propres cl\u00e9s. <\/p>\n\n\n\n<p>Parfois, il suffit d\u2019un espace s\u00e9curisant, d\u2019une pr\u00e9sence juste, et d\u2019un soin adapt\u00e9 pour les trouver. <\/p>\n\n\n\n<p>\u2728<\/p>\n","protected":false},"excerpt":{"rendered":"<p>C\u2019est l\u00e0 o\u00f9 tout commence\u2026\u2728 Je suis Anne-Charlotte, fondatrice de N\u2019\u00c2me Aste. J\u2019ai cr\u00e9\u00e9 cet univers comme un espace de soin, de douceur et d\u2019alignement, d\u00e9di\u00e9 \u00e0 toutes les personnes qui ressentent le besoin de se reconnecter \u00e0 elles-m\u00eames. Mon approche est intuitive, bienveillante et profond\u00e9ment tourn\u00e9e vers l\u2019\u00e9coute du corps, du c\u0153ur et de [&hellip;]<\/p>\n","protected":false},"author":1,"featured_media":5,"parent":0,"menu_order":0,"comment_status":"closed","ping_status":"closed","template":"","meta":{"footnotes":""},"class_list":["post-6","page","type-page","status-publish","has-post-thumbnail","hentry"],"_links":{"self":[{"href":"https:\/\/nameaste.fr\/index.php\/wp-json\/wp\/v2\/pages\/6","targetHints":{"allow":["GET"]}}],"collection":[{"href":"https:\/\/nameaste.fr\/index.php\/wp-json\/wp\/v2\/pages"}],"about":[{"href":"https:\/\/nameaste.fr\/index.php\/wp-json\/wp\/v2\/types\/page"}],"author":[{"embeddable":true,"href":"https:\/\/nameaste.fr\/index.php\/wp-json\/wp\/v2\/users\/1"}],"replies":[{"embeddable":true,"href":"https:\/\/nameaste.fr\/index.php\/wp-json\/wp\/v2\/comments?post=6"}],"version-history":[{"count":7,"href":"https:\/\/nameaste.fr\/index.php\/wp-json\/wp\/v2\/pages\/6\/revisions"}],"predecessor-version":[{"id":57,"href":"https:\/\/nameaste.fr\/index.php\/wp-json\/wp\/v2\/pages\/6\/revisions\/57"}],"wp:featuredmedia":[{"embeddable":true,"href":"https:\/\/nameaste.fr\/index.php\/wp-json\/wp\/v2\/media\/5"}],"wp:attachment":[{"href":"https:\/\/nameaste.fr\/index.php\/wp-json\/wp\/v2\/media?parent=6"}],"curies":[{"name":"wp","href":"https:\/\/api.w.org\/{rel}","templated":true}]}}