{"id":10,"date":"2026-02-10T20:18:27","date_gmt":"2026-02-10T20:18:27","guid":{"rendered":"https:\/\/nameaste.fr\/?page_id=10"},"modified":"2026-03-22T09:43:07","modified_gmt":"2026-03-22T09:43:07","slug":"accueil","status":"publish","type":"page","link":"https:\/\/nameaste.fr\/index.php\/accueil\/","title":{"rendered":"Accueil \ud83e\udd8b"},"content":{"rendered":"\n<p class=\"p1\">L\u00e0 o\u00f9 tout commence \u2728<\/p>\n\n\n\n<p class=\"p3\">N\u2019\u00c2me Aste est un espace de reconnexion, de douceur et de v\u00e9rit\u00e9.<\/p>\n\n\n\n<p class=\"p3\">Un lieu o\u00f9 l\u2019\u00e2me peut se d\u00e9poser, respirer et se souvenir.<\/p>\n\n\n\n<p class=\"p3\">N\u2019\u00c2me Aste, c\u2019est la bienveillance de qui je suis aujourd\u2019hui, mais aussi de qui j\u2019\u00e9tais hier et de qui je serai demain.<\/p>\n\n\n\n<p class=\"p3\">Son nom signifie : \u00c2me \u00c9toile \ud83c\udf1f <\/p>\n\n\n\n<p class=\"p3\">Il parle de cette connexion profonde, longtemps inexpliqu\u00e9e, entre le Ciel et la Terre, entre l\u2019Invisible et l\u2019Incarn\u00e9.<\/p>\n\n\n\n<p class=\"p3\">Une connexion Stellaire que j\u2019ai port\u00e9e en moi en grandissant, sans toujours la comprendre\u2026 jusqu\u2019au jour o\u00f9 je me suis souvenue.<\/p>\n\n\n\n<p class=\"p3\">Aujourd\u2019hui, je rends gr\u00e2ce.<\/p>\n\n\n\n<p class=\"p3\">Je suis le Pont entre le Ciel et la Terre.<\/p>\n\n\n\n<p class=\"p3\">Je suis la Lumi\u00e8re qui guide les chemins, celle qui apaise, qui \u00e9claire et qui ouvre les portes.<\/p>\n\n\n\n<p class=\"p3\">Je suis Gardienne des Cl\u00e9s.<\/p>\n\n\n\n<hr class=\"wp-block-separator has-alpha-channel-opacity\"\/>\n\n\n\n<figure class=\"wp-block-gallery has-nested-images columns-default is-cropped wp-block-gallery-1 is-layout-flex wp-block-gallery-is-layout-flex\">\n<figure class=\"wp-block-image\"><img loading=\"lazy\" decoding=\"async\" width=\"1500\" height=\"2000\" data-id=\"66\" src=\"https:\/\/nameaste.fr\/wp-content\/uploads\/2026\/03\/att.hszmrkxgqco7uov-u6jda569ejbth7wgilrtfrylane.jpg\" alt=\"\" class=\"wp-image-66\" srcset=\"https:\/\/nameaste.fr\/wp-content\/uploads\/2026\/03\/att.hszmrkxgqco7uov-u6jda569ejbth7wgilrtfrylane.jpg 1500w, https:\/\/nameaste.fr\/wp-content\/uploads\/2026\/03\/att.hszmrkxgqco7uov-u6jda569ejbth7wgilrtfrylane-225x300.jpg 225w, https:\/\/nameaste.fr\/wp-content\/uploads\/2026\/03\/att.hszmrkxgqco7uov-u6jda569ejbth7wgilrtfrylane-768x1024.jpg 768w, https:\/\/nameaste.fr\/wp-content\/uploads\/2026\/03\/att.hszmrkxgqco7uov-u6jda569ejbth7wgilrtfrylane-1152x1536.jpg 1152w\" sizes=\"auto, (max-width: 1500px) 100vw, 1500px\" \/><\/figure>\n<\/figure>\n\n\n\n<p>Mais c\u2019est aussi :<\/p>\n\n\n\n<p class=\"p1\">\ud83c\udf3f Un chemin de gu\u00e9rison et de transmission \ud83d\udc9a<\/p>\n\n\n\n<p class=\"p3\">N\u2019\u00c2me Aste est n\u00e9 d\u2019un souvenir retrouv\u00e9.<\/p>\n\n\n\n<p class=\"p3\">Celui de qui j\u2019ai toujours \u00e9t\u00e9.<\/p>\n\n\n\n<p class=\"p3\">Celui de la mission de l\u2019\u00c2me.<\/p>\n\n\n\n<p class=\"p3\">\u00c0 travers les soins \u00e9nerg\u00e9tiques, les guidances et les accompagnements, N\u2019\u00c2me Aste a pour vocation de t\u2019aider : <\/p>\n\n\n\n<ul class=\"wp-block-list\">\n<li>\u00e0 te reconnecter \u00e0 ta propre lumi\u00e8re, <\/li>\n\n\n\n<li>\u00e0 lib\u00e9rer ce qui demande \u00e0 l\u2019\u00eatre,<\/li>\n\n\n\n<li>\u00e0 retrouver les cl\u00e9s qui sommeillent d\u00e9j\u00e0 en toi.<\/li>\n<\/ul>\n\n\n\n<p class=\"p3\"><\/p>\n\n\n\n<p class=\"p3\">Chaque rencontre est une invitation :<\/p>\n\n\n\n<ul class=\"wp-block-list\">\n<li>celle de revenir \u00e0 l\u2019essentiel,<\/li>\n\n\n\n<li>d\u2019\u00e9couter ton \u00e2me,<\/li>\n\n\n\n<li>et d\u2019ouvrir, \u00e0 ton rythme, les portes de ta propre v\u00e9rit\u00e9.<\/li>\n<\/ul>\n\n\n\n<hr class=\"wp-block-separator has-alpha-channel-opacity\"\/>\n\n\n\n<p>Mais c\u2019est aussi :<\/p>\n\n\n\n<p class=\"p1\">\ud83d\udd11 Une transmission du c\u0153ur \ud83d\udc9b<\/p>\n\n\n\n<p class=\"p3\">N\u2019\u00c2me Aste existe pour se souvenir et pour transmettre \u00e0 son tour les cl\u00e9s.<\/p>\n\n\n\n<p class=\"p3\">Si tu es ici, ce n\u2019est pas un hasard \u2728<\/p>\n\n\n\n<p class=\"p3\">Peut-\u00eatre que ton \u00e2me t\u2019a guid\u00e9 jusqu\u2019\u00e0 cet espace \u2728<\/p>\n\n\n\n<p class=\"p3\">Peut-\u00eatre qu\u2019une porte est pr\u00eate \u00e0 s\u2019ouvrir\u2026 \ud83d\udeaa<\/p>\n\n\n\n<p><\/p>\n\n\n\n<p>Si tu ressens l\u2019appel, je t\u2019invite \u00e0 me contacter pour \u00e9changer en toute simplicit\u00e9 et voir ensemble comment je peux t\u2019accompagner sur ton chemin \ud83c\udf1f<\/p>\n\n\n\n<p><\/p>\n\n\n\n<p class=\"p3\">\u2728 Tu es au bon endroit \u2728<\/p>\n\n\n\n<figure class=\"wp-block-image size-large\"><img loading=\"lazy\" decoding=\"async\" width=\"1500\" height=\"2000\" src=\"https:\/\/nameaste.fr\/wp-content\/uploads\/2026\/03\/img_1425.jpg\" alt=\"\" class=\"wp-image-67\" srcset=\"https:\/\/nameaste.fr\/wp-content\/uploads\/2026\/03\/img_1425.jpg 1500w, https:\/\/nameaste.fr\/wp-content\/uploads\/2026\/03\/img_1425-225x300.jpg 225w, https:\/\/nameaste.fr\/wp-content\/uploads\/2026\/03\/img_1425-768x1024.jpg 768w, https:\/\/nameaste.fr\/wp-content\/uploads\/2026\/03\/img_1425-1152x1536.jpg 1152w\" sizes=\"auto, (max-width: 1500px) 100vw, 1500px\" \/><\/figure>\n","protected":false},"excerpt":{"rendered":"<p>L\u00e0 o\u00f9 tout commence \u2728 N\u2019\u00c2me Aste est un espace de reconnexion, de douceur et de v\u00e9rit\u00e9. Un lieu o\u00f9 l\u2019\u00e2me peut se d\u00e9poser, respirer et se souvenir. N\u2019\u00c2me Aste, c\u2019est la bienveillance de qui je suis aujourd\u2019hui, mais aussi de qui j\u2019\u00e9tais hier et de qui je serai demain. Son nom signifie : \u00c2me [&hellip;]<\/p>\n","protected":false},"author":1,"featured_media":0,"parent":0,"menu_order":0,"comment_status":"closed","ping_status":"closed","template":"","meta":{"footnotes":""},"class_list":["post-10","page","type-page","status-publish","hentry"],"_links":{"self":[{"href":"https:\/\/nameaste.fr\/index.php\/wp-json\/wp\/v2\/pages\/10","targetHints":{"allow":["GET"]}}],"collection":[{"href":"https:\/\/nameaste.fr\/index.php\/wp-json\/wp\/v2\/pages"}],"about":[{"href":"https:\/\/nameaste.fr\/index.php\/wp-json\/wp\/v2\/types\/page"}],"author":[{"embeddable":true,"href":"https:\/\/nameaste.fr\/index.php\/wp-json\/wp\/v2\/users\/1"}],"replies":[{"embeddable":true,"href":"https:\/\/nameaste.fr\/index.php\/wp-json\/wp\/v2\/comments?post=10"}],"version-history":[{"count":7,"href":"https:\/\/nameaste.fr\/index.php\/wp-json\/wp\/v2\/pages\/10\/revisions"}],"predecessor-version":[{"id":68,"href":"https:\/\/nameaste.fr\/index.php\/wp-json\/wp\/v2\/pages\/10\/revisions\/68"}],"wp:attachment":[{"href":"https:\/\/nameaste.fr\/index.php\/wp-json\/wp\/v2\/media?parent=10"}],"curies":[{"name":"wp","href":"https:\/\/api.w.org\/{rel}","templated":true}]}}